{"id":14047,"date":"2019-01-03T20:07:53","date_gmt":"2019-01-04T01:07:53","guid":{"rendered":"http:\/\/www.prwrestling.com\/nw\/?page_id=14047"},"modified":"2019-05-17T21:22:26","modified_gmt":"2019-05-18T01:22:26","slug":"prw20","status":"publish","type":"page","link":"https:\/\/www.prwrestling.com\/nw\/prw20\/","title":{"rendered":"#PRW20"},"content":{"rendered":"<p><img loading=\"lazy\" decoding=\"async\" class=\"alignnone size-large\" src=\"http:\/\/www.prwrestling.com\/nw\/wp-content\/uploads\/2019\/01\/prw20logo.png\" width=\"1022\" height=\"337\" \/><\/p>\n<p>PRWrestling cumple 20 a\u00f1os, y en agradecimiento a su apoyo estaremos regalando toneladas de premios a trav\u00e9s de una serie de concursos hasta junio (mes del aniversario)! <span style=\"color: #993300;\"><a style=\"color: #993300;\" href=\"https:\/\/www.prwrestling.com\/nw\/prw20-ganadores\/\">Mira los pasados ganadores aqu\u00ed.<\/a><\/span><\/p>\n<p style=\"text-align: center;\"><strong>CONCURSO ACTIVO<\/strong><\/p>\n<p><img loading=\"lazy\" decoding=\"async\" class=\" aligncenter\" src=\"https:\/\/www.prwrestling.com\/nw\/wp-content\/uploads\/2019\/05\/cut22.png\" width=\"411\" height=\"243\" \/><\/p>\n<p style=\"text-align: center;\">Anunciamos el lanzamiento de una ronda de concurso tipo WILD CARD.<\/p>\n<h2>C\u00f3mo funciona?<\/h2>\n<p>Estaremos regalando premios AL AZAR cada DOS DIAS. Entre los premios se encuentran:<\/p>\n<ul>\n<li>Camisas<\/li>\n<li>Mascaras<\/li>\n<li>Gift Cards<\/li>\n<li>Figuras de acci\u00f3n de WWE<\/li>\n<li>DVD&#8217;s<\/li>\n<\/ul>\n<h2>Para participar<\/h2>\n<ul>\n<li>Comenta en la re-lanzada secci\u00f3n de comentarios en la parte de <strong><span style=\"color: #993300;\"><a style=\"color: #993300;\" href=\"https:\/\/www.prwrestling.com\/nw\/prw20-nuevo-concurso-wild-card\/\">abajo de esta nota<\/a><\/span><\/strong>.<\/li>\n<li>Tambien si comentas en otra noticia en PRWrestling publicada del 5\/17 en adelante ser\u00e1s elegible (el comentario debe estar relacionado a la noticia, por supuesto). \u00a1Asi de facil!<\/li>\n<\/ul>\n<p>El primer ganador ser\u00e1 anunciado este domingo 5\/19 y as\u00ed seguiremos sucesivamente.<\/p>\n<h6>Reglas del concurso:<\/h6>\n<ul>\n<li>No se requiere comprar o pagar para participar y recibir el premio.<\/li>\n<li>Requisitos de elegibilidad:\n<ul>\n<li>Taquilas de eventos: Pueden participar en este sorteo personas naturales, mayores 18 a\u00f1os de edad, residentes legales de Puerto Rico.<\/li>\n<li>Premios que se envien por correo: Pueden participar en este sorteo personas naturales, mayores 18 a\u00f1os de edad, residentes legales de Puerto Rico y\/o Estados Unidos.<\/li>\n<li>Premios de envio digital: Pueden participar en este sorteo personas naturales, mayores 18 a\u00f1os de edad, desde cualquier parte del mundo.<\/li>\n<\/ul>\n<\/li>\n<li>La participaci\u00f3n es elegible para el premio que est\u00e9 anunciado en la fecha que fue recibida la participaci\u00f3n.<\/li>\n<li>PRWrestling ni sus auspiciadores se responsabilizar\u00e1n por da\u00f1os, accidentes o p\u00e9rdidas (directas, indirectas o consecuentes) que pueda sufrir alg\u00fan ganador, sus familiares o cualquier persona por el uso o disfrute de un premio.<\/li>\n<li>El premio no puede ser transferible a otra persona ni puede ser convertido a su valor monetario.<\/li>\n<li>Una vez el ganador sea escogido se le estar\u00e1 notificando de forma escrita a trav\u00e9s de la direcci\u00f3n email provista en la participaci\u00f3n. En algunos casos se requerir\u00e1 que el ganador provea informaci\u00f3n adicional (como por ejemplo, una direcci\u00f3n postal) para la entrega del premio.<\/li>\n<li>Si el ganador no responde m\u00e1s de tres (3) notificaciones v\u00eda email en el espacio de 10 d\u00edas desde que concluy\u00f3 el concurso, el ganador no tendr\u00e1 derecho a reclamar el premio.<\/li>\n<li>Los ganadores se anunciar\u00e1n en el portal de PRwrestling.com y en Facebook.com\/prwrestling.<\/li>\n<\/ul>\n","protected":false},"excerpt":{"rendered":"<p>PRWrestling cumple 20 a\u00f1os, y en agradecimiento a su apoyo estaremos regalando toneladas de premios a trav\u00e9s de una serie de concursos hasta junio (mes del aniversario)! Mira los pasados ganadores aqu\u00ed. CONCURSO ACTIVO Anunciamos el lanzamiento de una ronda de concurso tipo WILD CARD. C\u00f3mo funciona? Estaremos regalando premios AL AZAR cada DOS DIAS.<\/p>\n","protected":false},"author":3,"featured_media":0,"parent":0,"menu_order":0,"comment_status":"closed","ping_status":"closed","template":"","meta":{"footnotes":""},"class_list":["post-14047","page","type-page","status-publish"],"_links":{"self":[{"href":"https:\/\/www.prwrestling.com\/nw\/wp-json\/wp\/v2\/pages\/14047","targetHints":{"allow":["GET"]}}],"collection":[{"href":"https:\/\/www.prwrestling.com\/nw\/wp-json\/wp\/v2\/pages"}],"about":[{"href":"https:\/\/www.prwrestling.com\/nw\/wp-json\/wp\/v2\/types\/page"}],"author":[{"embeddable":true,"href":"https:\/\/www.prwrestling.com\/nw\/wp-json\/wp\/v2\/users\/3"}],"replies":[{"embeddable":true,"href":"https:\/\/www.prwrestling.com\/nw\/wp-json\/wp\/v2\/comments?post=14047"}],"version-history":[{"count":47,"href":"https:\/\/www.prwrestling.com\/nw\/wp-json\/wp\/v2\/pages\/14047\/revisions"}],"predecessor-version":[{"id":114209,"href":"https:\/\/www.prwrestling.com\/nw\/wp-json\/wp\/v2\/pages\/14047\/revisions\/114209"}],"wp:attachment":[{"href":"https:\/\/www.prwrestling.com\/nw\/wp-json\/wp\/v2\/media?parent=14047"}],"curies":[{"name":"wp","href":"https:\/\/api.w.org\/{rel}","templated":true}]}}