{"id":261244,"date":"2024-04-07T21:26:55","date_gmt":"2024-04-08T01:26:55","guid":{"rendered":"https:\/\/www.prwrestling.com\/nw\/?page_id=261244"},"modified":"2025-12-07T22:51:12","modified_gmt":"2025-12-08T03:51:12","slug":"sobre-nosotros","status":"publish","type":"page","link":"https:\/\/www.prwrestling.com\/nw\/sobre-nosotros\/","title":{"rendered":"Sobre Nosotros"},"content":{"rendered":"<p><a href=\"http:\/\/PRWRESTLING.com\" target=\"_blank\" rel=\"noopener\">PRWRESTLING.com<\/a>, pionera en la industria de lucha libre en espa\u00f1ol, comenz\u00f3 en 1999, cuando el fundador Francisco McGyver cre\u00f3 un sitio para fan\u00e1ticos de la lucha libre profesional como un experimento para aprender sobre el desarrollo de sitios web. Actuando como \u00fanico escritor y editor, McGyver public\u00f3 actualizaciones diarias en el sitio recapitulando las noticias de lucha libre del d\u00eda y luego cont\u00f3 con integrantes que se fueron a\u00f1adiendo a la plantilla de contribuyentes.<\/p>\n<p>En 1999, PRWRESTLING se posicion\u00f3 como uno de los primeros portales en Puerto Rico en ofrecer un programa de audio por internet dedicado a entrevistas y an\u00e1lisis de lucha libre, mucho antes de que el t\u00e9rmino \u201cpodcast\u201d se popularizara. Bautizado como \u201cPRW Audio Show\u201d, el espacio cont\u00f3 con invitados de renombre como El Invader y Dutch Mantel, entre otros.<\/p>\n<p>Con el tiempo, \u201cPRW Audio Show\u201d evolucion\u00f3 hacia su nuevo nombre, \u201cDesde la 3ra Cuerda\u201d, con un formato que no solo se distribuy\u00f3 digitalmente por internet, sino que tambi\u00e9n disfrut\u00f3 de una temporada en vivo a trav\u00e9s de Radio Puerto Rico 740 AM.<\/p>\n<p>Hoy somos un portal global y nuestro contenido llega a una audiencia de millones de lectores mensuales en todo el mundo, y ese n\u00famero sigue creciendo cada mes.<\/p>\n<h2>Misi\u00f3n y visi\u00f3n<\/h2>\n<p>En <a href=\"http:\/\/PRWRESTLING.com\" target=\"_blank\" rel=\"noopener\">PRWRESTLING.com<\/a> creemos que nuestra mayor fortaleza es que nuestro contenido est\u00e1 escrito para fan\u00e1ticos de la lucha libre, por fan\u00e1ticos de la lucha libre. Estamos viendo cada evento en tiempo real como usted, manteni\u00e9ndolo informado con actualizaciones que no puede perderse y al mismo tiempo ofrecemos el tipo de comentarios reflexivos y matizados que solo las personas que conocen la industria por dentro y por fuera pueden brindar.<\/p>\n<p>Como marca global, nuestro objetivo es servir tanto a los nuevos fan\u00e1ticos como a las personas que han estado aqu\u00ed durante d\u00e9cadas. Es por eso que, junto con las noticias, publicamos historias extensas que profundizan en las historias para explorar las implicaciones de la industria.<\/p>\n<h2><span class=\"css-1jxf684 r-bcqeeo r-1ttztb7 r-qvutc0 r-poiln3 r-1x3r274 r-nhe8su r-yn5ncy r-clrlgt r-1ftll1t\"><span class=\"css-1jxf684 r-bcqeeo r-1ttztb7 r-qvutc0 r-poiln3\">Pol\u00edtica<\/span> <\/span><span class=\"css-1jxf684 r-bcqeeo r-1ttztb7 r-qvutc0 r-poiln3 r-1x3r274 r-nhe8su r-yn5ncy r-clrlgt r-1ftll1t\"><span class=\"css-1jxf684 r-bcqeeo r-1ttztb7 r-qvutc0 r-poiln3\">de<\/span> <\/span><span class=\"css-1jxf684 r-bcqeeo r-1ttztb7 r-qvutc0 r-poiln3 r-1x3r274 r-nhe8su r-yn5ncy r-clrlgt r-1ftll1t\"><span class=\"css-1jxf684 r-bcqeeo r-1ttztb7 r-qvutc0 r-poiln3\">representaci\u00f3n<\/span> <\/span><span class=\"css-1jxf684 r-bcqeeo r-1ttztb7 r-qvutc0 r-poiln3 r-1x3r274 r-nhe8su r-yn5ncy r-clrlgt r-1ftll1t\"><span class=\"css-1jxf684 r-bcqeeo r-1ttztb7 r-qvutc0 r-poiln3\">oficial<\/span><\/span><\/h2>\n<p>Solo las declaraciones emitidas por colaboradores actuales de <a href=\"http:\/\/PRWRESTLING.com\" target=\"_blank\" rel=\"noopener\">PRWRESTLING.com<\/a> o por personas expresamente referenciadas por nuestro sitio deben considerarse como autorizadas por <a href=\"http:\/\/PRWRESTLING.com\" target=\"_blank\" rel=\"noopener\">PRWRESTLING.com<\/a>.<\/p>\n<h2>Contacto<\/h2>\n<p>Para consultas y ventas de publicidad: <a href=\"mailto:prwrestling@gmail.com\">prwrestling@gmail.com<\/a>.<\/p>\n<h2>Redes sociales de PRWRESTLING<\/h2>\n<p><a href=\"https:\/\/www.facebook.com\/PRWrestling\/\" target=\"_blank\" rel=\"noopener\">Facebook<\/a><\/p>\n<p><a href=\"https:\/\/www.instagram.com\/prwrestling\/\" target=\"_blank\" rel=\"noopener\">Instagram<\/a><\/p>\n<p><a href=\"https:\/\/www.youtube.com\/prwrestling\/\" target=\"_blank\" rel=\"noopener\">Youtube<\/a><\/p>\n","protected":false},"excerpt":{"rendered":"<p>PRWRESTLING.com, pionera en la industria de lucha libre en espa\u00f1ol, comenz\u00f3 en 1999, cuando el fundador Francisco McGyver cre\u00f3 un sitio para fan\u00e1ticos de la lucha libre profesional como un experimento para aprender sobre el desarrollo de sitios web. Actuando como \u00fanico escritor y editor, McGyver public\u00f3 actualizaciones diarias en el sitio recapitulando las noticias<\/p>\n","protected":false},"author":3,"featured_media":0,"parent":0,"menu_order":0,"comment_status":"closed","ping_status":"closed","template":"","meta":{"footnotes":""},"class_list":["post-261244","page","type-page","status-publish"],"_links":{"self":[{"href":"https:\/\/www.prwrestling.com\/nw\/wp-json\/wp\/v2\/pages\/261244","targetHints":{"allow":["GET"]}}],"collection":[{"href":"https:\/\/www.prwrestling.com\/nw\/wp-json\/wp\/v2\/pages"}],"about":[{"href":"https:\/\/www.prwrestling.com\/nw\/wp-json\/wp\/v2\/types\/page"}],"author":[{"embeddable":true,"href":"https:\/\/www.prwrestling.com\/nw\/wp-json\/wp\/v2\/users\/3"}],"replies":[{"embeddable":true,"href":"https:\/\/www.prwrestling.com\/nw\/wp-json\/wp\/v2\/comments?post=261244"}],"version-history":[{"count":11,"href":"https:\/\/www.prwrestling.com\/nw\/wp-json\/wp\/v2\/pages\/261244\/revisions"}],"predecessor-version":[{"id":288002,"href":"https:\/\/www.prwrestling.com\/nw\/wp-json\/wp\/v2\/pages\/261244\/revisions\/288002"}],"wp:attachment":[{"href":"https:\/\/www.prwrestling.com\/nw\/wp-json\/wp\/v2\/media?parent=261244"}],"curies":[{"name":"wp","href":"https:\/\/api.w.org\/{rel}","templated":true}]}}