{"id":287402,"date":"2025-11-12T19:37:26","date_gmt":"2025-11-13T00:37:26","guid":{"rendered":"https:\/\/www.prwrestling.com\/nw\/?page_id=287402"},"modified":"2025-12-13T11:47:45","modified_gmt":"2025-12-13T16:47:45","slug":"transicion-entre-la-lucha-profesional-y-las-mma-5-figuras-que-han-incursionado-en-ambos-mundos","status":"publish","type":"page","link":"https:\/\/www.prwrestling.com\/nw\/transicion-entre-la-lucha-profesional-y-las-mma-5-figuras-que-han-incursionado-en-ambos-mundos\/","title":{"rendered":"Transici\u00f3n entre la lucha profesional y las MMA: 5 figuras que han incursionado en  ambos mundos"},"content":{"rendered":"<p>Las artes marciales mixtas, o MMA, han experimentado un gran crecimiento en la \u00faltima d\u00e9cada. Lo que antes se consideraba un deporte minoritario se ha convertido en una industria multimillonaria que atrae a millones de espectadores en todo el mundo y aumenta su presencia en las casas de <a href=\"https:\/\/epicbet.com\/es\/deportes\/\" target=\"_blank\" rel=\"noopener\">apuestas deportivas<\/a>.<\/p>\n<p>No sorprende que las MMA y la lucha libre profesional se entrecruzan, especialmente cuando se trata de figuras clave que han forjado carreras en ambos mundos, tales como las siguientes:<\/p>\n<h2>1. Ronda Rousey<\/h2>\n<p>Ronda Rousey forj\u00f3 una carrera hist\u00f3rica al trascender del judo ol\u00edmpico a las MMA y la lucha libre profesional. Su etapa en las MMA, entre 2010 y 2016, comenz\u00f3 tras ganar la medalla de bronce en judo en los Juegos Ol\u00edmpicos de Beijing 2008, un logro que la convirti\u00f3 en la primera mujer estadounidense en ganar una medalla ol\u00edmpica en este deporte.<\/p>\n<p>En las MMA, Rousey se consolid\u00f3 r\u00e1pidamente como una fuerza dominante. Fue la \u00faltima Campeona de Peso Gallo Femenino de Strikeforce antes de pasar a la Ultimate Fighting Championship (UFC). Su incorporaci\u00f3n a la UFC marc\u00f3 un hito, pues se erigi\u00f3 como la Campeona inaugural de Peso Gallo Femenino y defendi\u00f3 el t\u00edtulo exitosamente en seis ocasiones, un r\u00e9cord femenino en ese momento.<\/p>\n<p>Conocida por su devastador \u201carmbar\u201d\u00a0 (llave de brazo), finaliz\u00f3 la mayor\u00eda de sus peleas en cuesti\u00f3n de segundos. Con un r\u00e9cord profesional de 12 victorias y 2 derrotas, fue la primera mujer en ser incluida en el Sal\u00f3n de la Fama de la UFC en 2018.<\/p>\n<p>Su transici\u00f3n a la lucha libre profesional se oficializ\u00f3 ese mismo a\u00f1o, al firmar con la WWE y debutar en WrestleMania 34. R\u00e1pidamente alcanz\u00f3 el \u00e9xito, ganando el Campeonato Femenino de Raw y participando en el primer evento estelar femenino de WrestleMania (WrestleMania 35).<\/p>\n<p>Tras un breve descanso, regres\u00f3 en 2022, gan\u00f3 el Royal Rumble y conquist\u00f3 el Campeonato Femenino de SmackDown en dos ocasiones.<\/p>\n<h2>2. Brock Lesnar<\/h2>\n<p>En la lucha libre profesional, <a href=\"https:\/\/www.prwrestling.com\/nw\/3-estrellas-de-la-wwe-que-podrian-perder-su-impulso-tras-el-regreso-de-brock-lesnar\/\">Brock Lesnar<\/a> debut\u00f3 en el roster principal de la WWE en 2002, siendo r\u00e1pidamente apodado \u201cThe Next Big Thing|\u201d. Gan\u00f3 el Campeonato de la WWE en m\u00faltiples ocasiones.<\/p>\n<p>Tras una breve incursi\u00f3n en la New Japan Pro-Wrestling (NJPW), el estadounidense regres\u00f3 a la WWE en 2012, convirti\u00e9ndose en una de sus m\u00e1ximas estrellas. Su hito m\u00e1s impactante fue poner fin a la racha invicta de The Undertaker en WrestleMania XXX. A lo largo de su carrera en WWE, Lesnar ha sido Campe\u00f3n de WWE y Campe\u00f3n Universal varias veces.<\/p>\n<p>Su incursi\u00f3n en las MMA lo llev\u00f3 a la Ultimate Fighting Championship (UFC), donde su impacto fue inmediato. Tras debutar en 2008, Lesnar se coron\u00f3 Campe\u00f3n de Peso Pesado de UFC en su cuarta pelea, un logro notable dado su corto recorrido en el deporte. Conocido por su dominio del grappling y su fuerza f\u00edsica, mantuvo el t\u00edtulo y lo defendi\u00f3 con \u00e9xito en dos ocasiones.<\/p>\n<p>Se retir\u00f3 de las MMA con un r\u00e9cord profesional de 5 victorias y 3 derrotas, incluido un No Contest.<\/p>\n<h2>3. Junior Dos Santos<\/h2>\n<p>El brasile\u00f1o J\u00fanior dos Santos, apodado \u201cCigano\u201d, es reconocido como una de las figuras m\u00e1s importantes de la divisi\u00f3n de Peso Pesado de las MMA.<\/p>\n<p>En la UFC, Dos Santos demostr\u00f3 un striking de \u00e9lite, especialmente en el boxeo. Estableci\u00f3 un r\u00e9cord en la divisi\u00f3n al lograr una racha de nueve victorias consecutivas (2008-2012), culminando con la obtenci\u00f3n del Campeonato de Peso Pesado de UFC al noquear a Cain Velasquez en 2011.<\/p>\n<p>A lo largo de su carrera en la promoci\u00f3n (2008-2021), gan\u00f3 varios bonos de \u201cNocaut de la Noche\u201d y \u201cPelea de la Noche\u201d, amasando un culto de seguidores as\u00ed como inspirando a los usuarios de plataformas de apuestas a que hicieran \u201c<a href=\"https:\/\/epicbet.com\/es\/deportes\/\" target=\"_blank\" rel=\"noopener\">bet<\/a>\u201d o apuestas a su favor.<\/p>\n<p>Tras su salida de la UFC, el brasilero incursion\u00f3 en la lucha libre profesional, haciendo apariciones en la All Elite Wrestling (AEW) en 2021 como parte del stable American Top Team. Posteriormente, continu\u00f3 compitiendo en MMA, incluyendo peleas a pu\u00f1o limpio en organizaciones como Gamebred Bareknuckle MMA, donde gan\u00f3 el campeonato inaugural de peso pesado.<\/p>\n<h2>4. Paige VanZant<\/h2>\n<p>Paige VanZant es otra figura que ha transitado entre las MMA y la lucha libre profesional, construyendo una trayectoria marcada por su presencia medi\u00e1tica. Su trayectoria en las MMA inici\u00f3 en 2012, pero su salto a la fama se dio con su ingreso a la Ultimate Fighting Championship (UFC) en 2014, debutando en la divisi\u00f3n de peso paja.<\/p>\n<p>En la UFC, <a href=\"https:\/\/www.espn.com.ar\/mma\/peleador\/_\/id\/3034823\/paige-vanzant\" target=\"_blank\" rel=\"noopener\">VanZant (<\/a><a href=\"https:\/\/www.espn.com.ar\/mma\/peleador\/_\/id\/3034823\/paige-vanzant\" target=\"_blank\" rel=\"noopener\">apodada<\/a><a href=\"https:\/\/www.espn.com.ar\/mma\/peleador\/_\/id\/3034823\/paige-vanzant\" target=\"_blank\" rel=\"noopener\"> \u201c12 Gauge\u201d)<\/a> se destac\u00f3 por su estilo agresivo y registr\u00f3 un r\u00e9cord de 5 victorias y 4 derrotas en la promoci\u00f3n. Sus logros incluyen ganar el premio a la \u201cPelea de la Noche\u201d en su debut y, en 2016, la \u201cActuaci\u00f3n de la Noche\u201d, tras un impresionante nocaut por patada voladora a la cabeza. Compiti\u00f3 en las categor\u00edas de peso paja y peso mosca, terminando su contrato con la UFC en 2020 con un r\u00e9cord profesional de MMA de 8 victorias y 5 derrotas.<\/p>\n<p>Posteriormente, VanZant explor\u00f3 la lucha libre profesional, haciendo su debut en la All Elite Wrestling (AEW) en 2021. Se aline\u00f3 con el stable American Top Team y, aunque su carrera en el ring fue breve, particip\u00f3 en eventos importantes como Double or Nothing, donde obtuvo una victoria en su primer combate.<\/p>\n<h2>5. Matt Riddle<\/h2>\n<p>En las MMA, Matt Riddle se hizo conocido tras participar en la s\u00e9ptima temporada del reality show The Ultimate Fighter. Luego compiti\u00f3 en la Ultimate Fighting Championship (UFC) de 2008 a 2013, principalmente en la divisi\u00f3n de peso w\u00e9lter.<\/p>\n<p>Su r\u00e9cord profesional en las MMA es de 8 victorias y 3 derrotas, con 2 combates cambiados a \u201cSin resultado\u201d (NC). Sus logros en la UFC incluyen haber ganado el premio a la \u201cPelea de la Noche\u201d una vez y a la \u201cSumisi\u00f3n de la Noche\u201d en otra ocasi\u00f3n.<\/p>\n<p>La transici\u00f3n de Riddle a la lucha libre profesional comenz\u00f3 en el circuito independiente en 2014, ganando r\u00e1pidamente notoriedad en promociones como EVOLVE y PWG y obteniendo el Campeonato Evolve. Su ascenso lo llev\u00f3 a la WWE en 2018, donde se convirti\u00f3 en una figura destacada.<\/p>\n<p>En NXT, Riddle gan\u00f3 el Campeonato en Parejas de NXT junto a Pete Dunne. Al unirse al elenco principal, se consolid\u00f3 al ganar el Campeonato de los Estados Unidos y el Campeonato en Parejas de Raw en dos ocasiones junto a Randy Orton, formando el popular equipo RK-Bro. Actualmente, Riddle sigue activo en el circuito independiente y en otras grandes promociones como Major League Wrestling.<\/p>\n","protected":false},"excerpt":{"rendered":"<p>Las artes marciales mixtas, o MMA, han experimentado un gran crecimiento en la \u00faltima d\u00e9cada. Lo que antes se consideraba un deporte minoritario se ha convertido en una industria multimillonaria que atrae a millones de espectadores en todo el mundo y aumenta su presencia en las casas de apuestas deportivas. No sorprende que las MMA<\/p>\n","protected":false},"author":3,"featured_media":287403,"parent":0,"menu_order":0,"comment_status":"closed","ping_status":"closed","template":"","meta":{"footnotes":""},"class_list":["post-287402","page","type-page","status-publish","has-post-thumbnail"],"_links":{"self":[{"href":"https:\/\/www.prwrestling.com\/nw\/wp-json\/wp\/v2\/pages\/287402","targetHints":{"allow":["GET"]}}],"collection":[{"href":"https:\/\/www.prwrestling.com\/nw\/wp-json\/wp\/v2\/pages"}],"about":[{"href":"https:\/\/www.prwrestling.com\/nw\/wp-json\/wp\/v2\/types\/page"}],"author":[{"embeddable":true,"href":"https:\/\/www.prwrestling.com\/nw\/wp-json\/wp\/v2\/users\/3"}],"replies":[{"embeddable":true,"href":"https:\/\/www.prwrestling.com\/nw\/wp-json\/wp\/v2\/comments?post=287402"}],"version-history":[{"count":1,"href":"https:\/\/www.prwrestling.com\/nw\/wp-json\/wp\/v2\/pages\/287402\/revisions"}],"predecessor-version":[{"id":287404,"href":"https:\/\/www.prwrestling.com\/nw\/wp-json\/wp\/v2\/pages\/287402\/revisions\/287404"}],"wp:featuredmedia":[{"embeddable":true,"href":"https:\/\/www.prwrestling.com\/nw\/wp-json\/wp\/v2\/media\/287403"}],"wp:attachment":[{"href":"https:\/\/www.prwrestling.com\/nw\/wp-json\/wp\/v2\/media?parent=287402"}],"curies":[{"name":"wp","href":"https:\/\/api.w.org\/{rel}","templated":true}]}}